{"id":593,"date":"2026-05-11T10:39:14","date_gmt":"2026-05-11T10:39:14","guid":{"rendered":"https:\/\/ristorantemondschein.it\/cookie-policy-2\/"},"modified":"2026-05-11T10:39:14","modified_gmt":"2026-05-11T10:39:14","slug":"cookie-policy","status":"publish","type":"page","link":"https:\/\/ristorantemondschein.it\/de\/cookie-policy\/","title":{"rendered":"Cookie-Richtlinie"},"content":{"rendered":"<p><em>Diese Seite befindet sich in Fertigstellung. Die Cookie-Richtlinie wird gem\u00e4\u00df den Leitlinien der italienischen Datenschutzbeh\u00f6rde (Juni 2021) und der ePrivacy-Richtlinie der EU erstellt.<\/em><\/p>\n<p>Die italienische Fassung ist derzeit die ma\u00dfgebliche \u2014 bitte konsultieren Sie <a href=\"https:\/\/ristorantemondschein.it\/de\/cookie-policy-2\/\">\/cookie-policy\/ (IT)<\/a>, w\u00e4hrend wir die deutsche \u00dcbersetzung fertigstellen.<\/p>\n<p>Sie k\u00f6nnen Ihre Cookie-Einstellungen jederzeit \u00fcber den Link <strong>&#8222;Einwilligung verwalten&#8220;<\/strong> in der Fu\u00dfzeile verwalten.<\/p>\n<p><em>Letzte Aktualisierung: 2026-05-11<\/em><\/p>\n","protected":false},"excerpt":{"rendered":"<p>Diese Seite befindet sich in Fertigstellung. Die Cookie-Richtlinie wird gem\u00e4\u00df den Leitlinien der italienischen Datenschutzbeh\u00f6rde (Juni 2021) und der ePrivacy-Richtlinie der EU erstellt. Die italienische Fassung ist derzeit die ma\u00dfgebliche \u2014 bitte konsultieren Sie \/cookie-policy\/ (IT), w\u00e4hrend wir die deutsche \u00dcbersetzung fertigstellen. Sie k\u00f6nnen Ihre Cookie-Einstellungen jederzeit \u00fcber den Link &#8222;Einwilligung verwalten&#8220; in der Fu\u00dfzeile [&hellip;]<\/p>\n","protected":false},"author":0,"featured_media":0,"parent":0,"menu_order":0,"comment_status":"closed","ping_status":"closed","template":"tmpl_full-w.php","meta":{"_acf_changed":false,"footnotes":""},"class_list":["post-593","page","type-page","status-publish","hentry"],"acf":[],"_links":{"self":[{"href":"https:\/\/ristorantemondschein.it\/de\/wp-json\/wp\/v2\/pages\/593","targetHints":{"allow":["GET"]}}],"collection":[{"href":"https:\/\/ristorantemondschein.it\/de\/wp-json\/wp\/v2\/pages"}],"about":[{"href":"https:\/\/ristorantemondschein.it\/de\/wp-json\/wp\/v2\/types\/page"}],"replies":[{"embeddable":true,"href":"https:\/\/ristorantemondschein.it\/de\/wp-json\/wp\/v2\/comments?post=593"}],"version-history":[{"count":0,"href":"https:\/\/ristorantemondschein.it\/de\/wp-json\/wp\/v2\/pages\/593\/revisions"}],"wp:attachment":[{"href":"https:\/\/ristorantemondschein.it\/de\/wp-json\/wp\/v2\/media?parent=593"}],"curies":[{"name":"wp","href":"https:\/\/api.w.org\/{rel}","templated":true}]}}