{"id":590,"date":"2026-05-11T10:39:14","date_gmt":"2026-05-11T10:39:14","guid":{"rendered":"https:\/\/ristorantemondschein.it\/privacy-policy-3\/"},"modified":"2026-05-11T10:39:14","modified_gmt":"2026-05-11T10:39:14","slug":"privacy-policy","status":"publish","type":"page","link":"https:\/\/ristorantemondschein.it\/de\/privacy-policy\/","title":{"rendered":"Datenschutzerkl\u00e4rung"},"content":{"rendered":"<p><em>Diese Seite befindet sich in Fertigstellung. Die Datenschutzerkl\u00e4rung wird gem\u00e4\u00df Verordnung (EU) 2016\/679 (DSGVO) erstellt.<\/em><\/p>\n<p>Die italienische Fassung ist derzeit die ma\u00dfgebliche \u2014 bitte konsultieren Sie <a href=\"https:\/\/ristorantemondschein.it\/de\/datenschutz\/\">\/privacy-policy\/ (IT)<\/a>, w\u00e4hrend wir die deutsche \u00dcbersetzung fertigstellen.<\/p>\n<h2>Kurz\u00fcbersicht<\/h2>\n<ul>\n<li><strong>Verantwortlicher<\/strong>: [Firmenname]<\/li>\n<li><strong>E-Mail<\/strong>: [Datenschutz-E-Mail]<\/li>\n<li><strong>Rechte<\/strong>: Auskunft, Berichtigung, L\u00f6schung, Einschr\u00e4nkung, Daten\u00fcbertragbarkeit, Widerspruch (Art. 15\u201322 DSGVO).<\/li>\n<li><strong>Beschwerden<\/strong>: <a href=\"https:\/\/www.garanteprivacy.it\/\" target=\"_blank\" rel=\"noopener\">Italienische Datenschutzbeh\u00f6rde<\/a>.<\/li>\n<\/ul>\n<p><em>Letzte Aktualisierung: 2026-05-11<\/em><\/p>\n","protected":false},"excerpt":{"rendered":"<p>Diese Seite befindet sich in Fertigstellung. Die Datenschutzerkl\u00e4rung wird gem\u00e4\u00df Verordnung (EU) 2016\/679 (DSGVO) erstellt. Die italienische Fassung ist derzeit die ma\u00dfgebliche \u2014 bitte konsultieren Sie \/privacy-policy\/ (IT), w\u00e4hrend wir die deutsche \u00dcbersetzung fertigstellen. Kurz\u00fcbersicht Verantwortlicher: [Firmenname] E-Mail: [Datenschutz-E-Mail] Rechte: Auskunft, Berichtigung, L\u00f6schung, Einschr\u00e4nkung, Daten\u00fcbertragbarkeit, Widerspruch (Art. 15\u201322 DSGVO). Beschwerden: Italienische Datenschutzbeh\u00f6rde. Letzte Aktualisierung: 2026-05-11<\/p>\n","protected":false},"author":0,"featured_media":0,"parent":0,"menu_order":0,"comment_status":"closed","ping_status":"closed","template":"tmpl_full-w.php","meta":{"_acf_changed":false,"footnotes":""},"class_list":["post-590","page","type-page","status-publish","hentry"],"acf":[],"_links":{"self":[{"href":"https:\/\/ristorantemondschein.it\/de\/wp-json\/wp\/v2\/pages\/590","targetHints":{"allow":["GET"]}}],"collection":[{"href":"https:\/\/ristorantemondschein.it\/de\/wp-json\/wp\/v2\/pages"}],"about":[{"href":"https:\/\/ristorantemondschein.it\/de\/wp-json\/wp\/v2\/types\/page"}],"replies":[{"embeddable":true,"href":"https:\/\/ristorantemondschein.it\/de\/wp-json\/wp\/v2\/comments?post=590"}],"version-history":[{"count":0,"href":"https:\/\/ristorantemondschein.it\/de\/wp-json\/wp\/v2\/pages\/590\/revisions"}],"wp:attachment":[{"href":"https:\/\/ristorantemondschein.it\/de\/wp-json\/wp\/v2\/media?parent=590"}],"curies":[{"name":"wp","href":"https:\/\/api.w.org\/{rel}","templated":true}]}}