{"id":587,"date":"2026-05-11T10:39:14","date_gmt":"2026-05-11T10:39:14","guid":{"rendered":"https:\/\/ristorantemondschein.it\/dichiarazione-di-accessibilita-2\/"},"modified":"2026-05-11T10:39:14","modified_gmt":"2026-05-11T10:39:14","slug":"dichiarazione-di-accessibilita","status":"publish","type":"page","link":"https:\/\/ristorantemondschein.it\/de\/dichiarazione-di-accessibilita\/","title":{"rendered":"Erkl\u00e4rung zur Barrierefreiheit"},"content":{"rendered":"<p><em>Diese Seite befindet sich in Fertigstellung. Die Erkl\u00e4rung zur Barrierefreiheit wird gem\u00e4\u00df Richtlinie (EU) 2019\/882 (European Accessibility Act) und italienischem Gesetzesdekret 82\/2022 erstellt und nach der abschlie\u00dfenden Pr\u00fcfung mit allen erforderlichen Informationen vervollst\u00e4ndigt.<\/em><\/p>\n<p>Die italienische Fassung ist derzeit die ma\u00dfgebliche \u2014 bitte konsultieren Sie <a href=\"https:\/\/ristorantemondschein.it\/de\/dichiarazione-di-accessibilita-2\/\">\/dichiarazione-di-accessibilita\/<\/a>, w\u00e4hrend wir die deutsche \u00dcbersetzung fertigstellen.<\/p>\n<h2>Feedback<\/h2>\n<p>Um Barrierefreiheitsprobleme zu melden, schreiben Sie bitte an <strong>[email]<\/strong>.<\/p>\n<p><em>Letzte Aktualisierung: 2026-05-11<\/em><\/p>\n","protected":false},"excerpt":{"rendered":"<p>Diese Seite befindet sich in Fertigstellung. Die Erkl\u00e4rung zur Barrierefreiheit wird gem\u00e4\u00df Richtlinie (EU) 2019\/882 (European Accessibility Act) und italienischem Gesetzesdekret 82\/2022 erstellt und nach der abschlie\u00dfenden Pr\u00fcfung mit allen erforderlichen Informationen vervollst\u00e4ndigt. Die italienische Fassung ist derzeit die ma\u00dfgebliche \u2014 bitte konsultieren Sie \/dichiarazione-di-accessibilita\/, w\u00e4hrend wir die deutsche \u00dcbersetzung fertigstellen. Feedback Um Barrierefreiheitsprobleme zu [&hellip;]<\/p>\n","protected":false},"author":0,"featured_media":0,"parent":0,"menu_order":0,"comment_status":"closed","ping_status":"closed","template":"tmpl_full-w.php","meta":{"_acf_changed":false,"footnotes":""},"class_list":["post-587","page","type-page","status-publish","hentry"],"acf":[],"_links":{"self":[{"href":"https:\/\/ristorantemondschein.it\/de\/wp-json\/wp\/v2\/pages\/587","targetHints":{"allow":["GET"]}}],"collection":[{"href":"https:\/\/ristorantemondschein.it\/de\/wp-json\/wp\/v2\/pages"}],"about":[{"href":"https:\/\/ristorantemondschein.it\/de\/wp-json\/wp\/v2\/types\/page"}],"replies":[{"embeddable":true,"href":"https:\/\/ristorantemondschein.it\/de\/wp-json\/wp\/v2\/comments?post=587"}],"version-history":[{"count":0,"href":"https:\/\/ristorantemondschein.it\/de\/wp-json\/wp\/v2\/pages\/587\/revisions"}],"wp:attachment":[{"href":"https:\/\/ristorantemondschein.it\/de\/wp-json\/wp\/v2\/media?parent=587"}],"curies":[{"name":"wp","href":"https:\/\/api.w.org\/{rel}","templated":true}]}}