{"id":371,"date":"2026-04-20T12:19:37","date_gmt":"2026-04-20T12:19:37","guid":{"rendered":"https:\/\/staging.perspect.it\/mondschein\/?page_id=371"},"modified":"2026-04-20T14:25:02","modified_gmt":"2026-04-20T14:25:02","slug":"erlebnis-verschenken","status":"publish","type":"page","link":"https:\/\/ristorantemondschein.it\/de\/erlebnis-verschenken\/","title":{"rendered":"Ein Erlebnis verschenken"},"content":{"rendered":"","protected":false},"excerpt":{"rendered":"","protected":false},"author":1,"featured_media":0,"parent":0,"menu_order":0,"comment_status":"closed","ping_status":"closed","template":"tmpl_contatti.php","meta":{"_acf_changed":false,"footnotes":""},"class_list":["post-371","page","type-page","status-publish","hentry"],"acf":{"bg_intro":270,"contenuto":"<p style=\"text-align:center;\">Verschenken Sie ein gastronomisches Erlebnis im Ristorante Mondschein. W\u00e4hlen Sie das passende Men\u00fc, f\u00fcgen Sie eine pers\u00f6nliche Nachricht hinzu und \u00fcberreichen Sie einen Gutschein, der zu einer unvergesslichen Erinnerung wird.<\/p>","mappa":""},"_links":{"self":[{"href":"https:\/\/ristorantemondschein.it\/de\/wp-json\/wp\/v2\/pages\/371","targetHints":{"allow":["GET"]}}],"collection":[{"href":"https:\/\/ristorantemondschein.it\/de\/wp-json\/wp\/v2\/pages"}],"about":[{"href":"https:\/\/ristorantemondschein.it\/de\/wp-json\/wp\/v2\/types\/page"}],"author":[{"embeddable":true,"href":"https:\/\/ristorantemondschein.it\/de\/wp-json\/wp\/v2\/users\/1"}],"replies":[{"embeddable":true,"href":"https:\/\/ristorantemondschein.it\/de\/wp-json\/wp\/v2\/comments?post=371"}],"version-history":[{"count":2,"href":"https:\/\/ristorantemondschein.it\/de\/wp-json\/wp\/v2\/pages\/371\/revisions"}],"predecessor-version":[{"id":377,"href":"https:\/\/ristorantemondschein.it\/de\/wp-json\/wp\/v2\/pages\/371\/revisions\/377"}],"wp:attachment":[{"href":"https:\/\/ristorantemondschein.it\/de\/wp-json\/wp\/v2\/media?parent=371"}],"curies":[{"name":"wp","href":"https:\/\/api.w.org\/{rel}","templated":true}]}}