{"id":175,"date":"2026-04-16T12:47:06","date_gmt":"2026-04-16T12:47:06","guid":{"rendered":"https:\/\/staging.perspect.it\/mondschein\/partner-awards-de\/"},"modified":"2026-04-20T09:25:00","modified_gmt":"2026-04-20T09:25:00","slug":"partner-awards","status":"publish","type":"page","link":"https:\/\/ristorantemondschein.it\/de\/partner-awards\/","title":{"rendered":"Partner &#038; Awards"},"content":{"rendered":"","protected":false},"excerpt":{"rendered":"","protected":false},"author":1,"featured_media":0,"parent":0,"menu_order":0,"comment_status":"closed","ping_status":"closed","template":"tmpl_partner.php","meta":{"_acf_changed":false,"footnotes":""},"class_list":["post-175","page","type-page","status-publish","hentry"],"acf":{"bg_intro":335,"bg_img":null,"bg_option":{"bg_position":"right-top","bg_color":"#f0f0f0"},"titolo_prima":"Partner Awards","testo_prima":"<p>Die Partner, mit denen wir Werte, Leidenschaft und Vision teilen.<\/p>","fasce_alternate":[{"titolo":"LUIS TRENKER","testo":"<p>Schon immer in unserem Herzen.<br\/>Im Mondschein tragen wir jeden Tag Luis Trenker.<br\/>Gro\u00dfe Leidenschaft, stolzer Pioniergeist und grenzenloser Enthusiasmus ist das, was uns verbindet.<br\/>Luis Trenker \u2013 der Mensch, die Marke, die Legende.<\/p>","link":"","immagine":336},{"titolo":"PORSCHE","testo":"<p>Porsche Destination Charging \u2014 ankommen, entspannen und kostenlos aufladen<\/p><p>Sinn f\u00fcr Sch\u00f6nheit, die W\u00fcnsche der Menschen, Umweltwohl und Innovation waren schon immer gemeinsame Kernwerte von Porsche und Mondschein.<\/p>","link":"","immagine":338}],"titolo_awards":"Awards","testo_awards":"<p>Die Auszeichnungen, die uns stolz machen.<\/p>","fasce_awards":[{"titolo":"ALPE ADRIA","testo":"<p>\"In der vierundzwanzigsten Ausgabe des Best Gourmet Guides hatten wir das Vergn\u00fcgen, mit der Auszeichnung 'Bestes Bergrestaurant' ausgezeichnet zu werden. Wir danken Patron Maurizio Pelli und dem gesamten Leitfaden-Team.\"<\/p>","link":"","immagine":337}]},"_links":{"self":[{"href":"https:\/\/ristorantemondschein.it\/de\/wp-json\/wp\/v2\/pages\/175","targetHints":{"allow":["GET"]}}],"collection":[{"href":"https:\/\/ristorantemondschein.it\/de\/wp-json\/wp\/v2\/pages"}],"about":[{"href":"https:\/\/ristorantemondschein.it\/de\/wp-json\/wp\/v2\/types\/page"}],"author":[{"embeddable":true,"href":"https:\/\/ristorantemondschein.it\/de\/wp-json\/wp\/v2\/users\/1"}],"replies":[{"embeddable":true,"href":"https:\/\/ristorantemondschein.it\/de\/wp-json\/wp\/v2\/comments?post=175"}],"version-history":[{"count":1,"href":"https:\/\/ristorantemondschein.it\/de\/wp-json\/wp\/v2\/pages\/175\/revisions"}],"predecessor-version":[{"id":339,"href":"https:\/\/ristorantemondschein.it\/de\/wp-json\/wp\/v2\/pages\/175\/revisions\/339"}],"wp:attachment":[{"href":"https:\/\/ristorantemondschein.it\/de\/wp-json\/wp\/v2\/media?parent=175"}],"curies":[{"name":"wp","href":"https:\/\/api.w.org\/{rel}","templated":true}]}}