{"id":169,"date":"2026-04-16T12:47:06","date_gmt":"2026-04-16T12:47:06","guid":{"rendered":"https:\/\/staging.perspect.it\/mondschein\/food-experience-de\/"},"modified":"2026-04-20T09:24:59","modified_gmt":"2026-04-20T09:24:59","slug":"food-experience","status":"publish","type":"page","link":"https:\/\/ristorantemondschein.it\/de\/food-experience\/","title":{"rendered":"Food experience"},"content":{"rendered":"","protected":false},"excerpt":{"rendered":"","protected":false},"author":1,"featured_media":0,"parent":0,"menu_order":0,"comment_status":"closed","ping_status":"closed","template":"tmpl_food.php","meta":{"_acf_changed":false,"footnotes":""},"class_list":["post-169","page","type-page","status-publish","hentry"],"acf":{"bg_intro":223,"bg_img":222,"bg_option":{"bg_position":"right-top","bg_color":"#f0f0f0"},"titolo_prima":"Der neue Geschmack der Dolomiten","testo_prima":"<p>TRADITION, EXPERIMENTIERFREUDE, GESCHMACK UND ELEGANZ<br\/>WERDEN SIE IN EINER HERZLICHEN UMARMUNG EMPFANGEN.<\/p>","fasce_alternate":[{"titolo":"UNSER MEN\u00dc","testo":"<p>Nichts ist k\u00f6stlicher als ein gutes traditionelles Gericht. Im Mondschein zu speisen bedeutet, die lebhafte K\u00fcche unseres K\u00fcchenchefs Federico Kratter und seiner Brigade zu erleben: mit frischer Leichtigkeit und kreativer Pr\u00e4zision erz\u00e4hlt jedes Gericht die Geschichte unserer Berge.<\/p>","link":"","immagine":228},{"titolo":"UNSERE WEINE","testo":"<p>Unsere Weinkarte vervollst\u00e4ndigt das kulinarische Erlebnis mit einer breiten Auswahl, die von renommierten Etiketten bis zu den kleinen Forschungsproduzenten reicht, die wir so sehr lieben. Besonders erw\u00e4hnenswert ist unsere Destillate-Sektion.<\/p>","link":"","immagine":224},{"titolo":"Unsere Destillate","testo":"<p>Um Sie in die faszinierende Welt der Spirituosen einzuf\u00fchren, bieten wir eine reiche Auswahl an Rum, Whiskey, Destillaten, Lik\u00f6rweinen und Dessertweinen. Wir stehen Ihnen gerne f\u00fcr ein einzigartiges Verkostungserlebnis zur Verf\u00fcgung.<\/p>","link":"","immagine":225}],"articoli_correlati":[],"colore_sfondo_articoli_correlati":"","titolo_articoli_correlati":"MEHR ERFAHREN"},"_links":{"self":[{"href":"https:\/\/ristorantemondschein.it\/de\/wp-json\/wp\/v2\/pages\/169","targetHints":{"allow":["GET"]}}],"collection":[{"href":"https:\/\/ristorantemondschein.it\/de\/wp-json\/wp\/v2\/pages"}],"about":[{"href":"https:\/\/ristorantemondschein.it\/de\/wp-json\/wp\/v2\/types\/page"}],"author":[{"embeddable":true,"href":"https:\/\/ristorantemondschein.it\/de\/wp-json\/wp\/v2\/users\/1"}],"replies":[{"embeddable":true,"href":"https:\/\/ristorantemondschein.it\/de\/wp-json\/wp\/v2\/comments?post=169"}],"version-history":[{"count":1,"href":"https:\/\/ristorantemondschein.it\/de\/wp-json\/wp\/v2\/pages\/169\/revisions"}],"predecessor-version":[{"id":229,"href":"https:\/\/ristorantemondschein.it\/de\/wp-json\/wp\/v2\/pages\/169\/revisions\/229"}],"wp:attachment":[{"href":"https:\/\/ristorantemondschein.it\/de\/wp-json\/wp\/v2\/media?parent=169"}],"curies":[{"name":"wp","href":"https:\/\/api.w.org\/{rel}","templated":true}]}}