{"id":167,"date":"2026-04-16T12:47:06","date_gmt":"2026-04-16T12:47:06","guid":{"rendered":"https:\/\/staging.perspect.it\/mondschein\/aktivitaeten\/"},"modified":"2026-04-20T09:23:12","modified_gmt":"2026-04-20T09:23:12","slug":"aktivitaeten","status":"publish","type":"page","link":"https:\/\/ristorantemondschein.it\/de\/aktivitaeten\/","title":{"rendered":"Aktivit\u00e4ten"},"content":{"rendered":"","protected":false},"excerpt":{"rendered":"","protected":false},"author":1,"featured_media":0,"parent":0,"menu_order":0,"comment_status":"closed","ping_status":"closed","template":"tmpl_activities.php","meta":{"_acf_changed":false,"footnotes":""},"class_list":["post-167","page","type-page","status-publish","hentry"],"acf":{"bg_intro":325,"bg_img":326,"bg_option":{"bg_position":"right-top","bg_color":"#f0f0f0"},"titolo_prima":"Aktivit\u00e4ten","testo_prima":"<p>EIN ORT, DEN MAN IN ALLEN JAHRESZEITEN ERLEBEN KANN<br\/>ERKUNDEN, MESSEN, LERNEN, BEWEGEN, ENTDECKEN, ENTSPANNEN.<\/p>","Titolo_inverno":"WINTER IN DEN BERGEN","testo_inverno":"<p>Im Zauber verschneiter Landschaften bietet Sappada unz\u00e4hlige M\u00f6glichkeiten, auch im Winter aktiv zu bleiben: Skifahren, Schneeschuhwandern, Eisklettern und gef\u00fchrte Winterwanderungen.<\/p>","fasce_alternate_inverno":[{"titolo":"Motorschlittentouren","testo":"<p>Motoslitte Tour Sappada bietet einen in Italien einzigartigen Service f\u00fcr Schneeausfl\u00fcge mit erfahrenen Guides und modernsten Motorschlitten. Alpine Farben und D\u00fcfte als Kulisse, Wind und Stille als Begleiter.<\/p>","link":"","immagine":327}],"articoli_inverno":[],"colore_sfondo_articoli_inverno":"","titolo_articoli_inverno":"Mehr erfahren","titolo_estate":"SOMMER IN DEN BERGEN","testo_estate":"<p>Der Sommer in den Bergen bringt das Gef\u00fchl mit sich, wie neugeboren zu sein. Wandern, Paragliding, Golf, Klettern, der Sappada Adventure Park f\u00fcr die Kleinen und Mountainbikes f\u00fcr jeden Winkel dieser atemberaubenden Landschaften.<\/p>","fasce_alternate_estate":[{"titolo":"GOLFCLUB SAPPADA","testo":"<p>Der 9- oder 18-Loch-Golfplatz des Italienischen Golf-Verbands liegt auf 1.250 Metern \u00fcber dem Meeresspiegel. Der Kurs wurde von Paolo Kratter entworfen und ist auch f\u00fcr Anf\u00e4nger ideal.<\/p>","link":"","immagine":328}],"articoli_estate":[],"colore_sfondo_articoli_estate":"","titolo_articoli_estate":"Mehr erfahren"},"_links":{"self":[{"href":"https:\/\/ristorantemondschein.it\/de\/wp-json\/wp\/v2\/pages\/167","targetHints":{"allow":["GET"]}}],"collection":[{"href":"https:\/\/ristorantemondschein.it\/de\/wp-json\/wp\/v2\/pages"}],"about":[{"href":"https:\/\/ristorantemondschein.it\/de\/wp-json\/wp\/v2\/types\/page"}],"author":[{"embeddable":true,"href":"https:\/\/ristorantemondschein.it\/de\/wp-json\/wp\/v2\/users\/1"}],"replies":[{"embeddable":true,"href":"https:\/\/ristorantemondschein.it\/de\/wp-json\/wp\/v2\/comments?post=167"}],"version-history":[{"count":2,"href":"https:\/\/ristorantemondschein.it\/de\/wp-json\/wp\/v2\/pages\/167\/revisions"}],"predecessor-version":[{"id":359,"href":"https:\/\/ristorantemondschein.it\/de\/wp-json\/wp\/v2\/pages\/167\/revisions\/359"}],"wp:attachment":[{"href":"https:\/\/ristorantemondschein.it\/de\/wp-json\/wp\/v2\/media?parent=167"}],"curies":[{"name":"wp","href":"https:\/\/api.w.org\/{rel}","templated":true}]}}