{"id":147,"date":"2026-04-16T10:33:46","date_gmt":"2026-04-16T10:33:46","guid":{"rendered":"https:\/\/staging.perspect.it\/mondschein\/home-de\/"},"modified":"2026-04-16T12:20:49","modified_gmt":"2026-04-16T12:20:49","slug":"home-de","status":"publish","type":"page","link":"https:\/\/ristorantemondschein.it\/de\/","title":{"rendered":"Home"},"content":{"rendered":"","protected":false},"excerpt":{"rendered":"","protected":false},"author":1,"featured_media":0,"parent":0,"menu_order":0,"comment_status":"closed","ping_status":"closed","template":"","meta":{"_acf_changed":false,"footnotes":""},"class_list":["post-147","page","type-page","status-publish","hentry"],"acf":{"bg_intro":"","testo_intro":"DER AUTHENTISCHE GESCHMACK DER DOLOMITEN","slideshow":[94,92,95,97,81,82],"bg_wlc":157,"sfondo_wlc":{"bg_position":"center","bg_color":"#ffffff"},"titolo_wlc":"Willkommen im Mondschein","testo_wlc":"Ein Ort mit Herz und gehobener K\u00fcche aus lokalen Zutaten und reinsten Rohstoffen.\r\n\r\nDie perfekte Balance zwischen Experimentierfreude und authentischer alpiner Tradition, die Sorgfalt f\u00fcr jedes kleine Detail und die Herzlichkeit unserer Gastfreundschaft werden Sie sich wie zu Hause f\u00fchlen lassen.","lanci":[{"bg":164,"link":{"title":"FOOD EXPERIENCE","url":"https:\/\/ristorantemondschein.it\/food-experience\/","target":""},"pretitolo":"Restaurant","titolo":"FOOD EXPERIENCE","sottotitolo":"Eine neue Art, die authentischsten Aromen unserer Berge zu genie\u00dfen"},{"bg":159,"link":{"title":"AKTIVIT\u00c4TEN","url":"https:\/\/ristorantemondschein.it\/attivita\/","target":""},"pretitolo":"SOMMER & WINTER","titolo":"AKTIVIT\u00c4TEN","sottotitolo":"In den Bergen wird es einem nie langweilig!"},{"bg":160,"link":{"title":"\u00dcBER UNS","url":"https:\/\/ristorantemondschein.it\/chi-siamo\/","target":""},"pretitolo":"WIR F\u00dcR SIE","titolo":"\u00dcBER UNS","sottotitolo":"Ein Mountain-Chic-Juwel im Herzen von Sappada"},{"bg":158,"link":{"title":"Men\u00fc ansehen","url":"\/wp-content\/uploads\/2025\/07\/Men%C3%B9-Ristorante_X-WEB_ESTATE-2025.pdf","target":"_blank"},"pretitolo":"Food Experience","titolo":"MEN\u00dc","sottotitolo":"Der neue Geschmack der Dolomiten"},{"bg":161,"link":{"title":"KAVEAU","url":"https:\/\/ristorantemondschein.it\/kaveau\/","target":""},"pretitolo":"WINE EXPERIENCE","titolo":"KAVEAU","sottotitolo":"Entdecken Sie die Auswahl unseres Weinkellers"}],"lancio_finale":{"bg":null,"link":null,"pretitolo":"","titolo":"","sottotitolo":""},"articoli":[101,5,103],"testo_link":"Weiterlesen","titolo_articoli":"Neueste Beitr\u00e4ge"},"_links":{"self":[{"href":"https:\/\/ristorantemondschein.it\/de\/wp-json\/wp\/v2\/pages\/147","targetHints":{"allow":["GET"]}}],"collection":[{"href":"https:\/\/ristorantemondschein.it\/de\/wp-json\/wp\/v2\/pages"}],"about":[{"href":"https:\/\/ristorantemondschein.it\/de\/wp-json\/wp\/v2\/types\/page"}],"author":[{"embeddable":true,"href":"https:\/\/ristorantemondschein.it\/de\/wp-json\/wp\/v2\/users\/1"}],"replies":[{"embeddable":true,"href":"https:\/\/ristorantemondschein.it\/de\/wp-json\/wp\/v2\/comments?post=147"}],"version-history":[{"count":1,"href":"https:\/\/ristorantemondschein.it\/de\/wp-json\/wp\/v2\/pages\/147\/revisions"}],"predecessor-version":[{"id":165,"href":"https:\/\/ristorantemondschein.it\/de\/wp-json\/wp\/v2\/pages\/147\/revisions\/165"}],"acf:post":[{"embeddable":true,"href":"https:\/\/ristorantemondschein.it\/de\/wp-json\/wp\/v2\/posts\/103"},{"embeddable":true,"href":"https:\/\/ristorantemondschein.it\/de\/wp-json\/wp\/v2\/posts\/5"},{"embeddable":true,"href":"https:\/\/ristorantemondschein.it\/de\/wp-json\/wp\/v2\/posts\/101"}],"acf:attachment":[{"embeddable":true,"href":"https:\/\/ristorantemondschein.it\/de\/wp-json\/wp\/v2\/media\/82"},{"embeddable":true,"href":"https:\/\/ristorantemondschein.it\/de\/wp-json\/wp\/v2\/media\/81"},{"embeddable":true,"href":"https:\/\/ristorantemondschein.it\/de\/wp-json\/wp\/v2\/media\/97"},{"embeddable":true,"href":"https:\/\/ristorantemondschein.it\/de\/wp-json\/wp\/v2\/media\/95"},{"embeddable":true,"href":"https:\/\/ristorantemondschein.it\/de\/wp-json\/wp\/v2\/media\/92"},{"embeddable":true,"href":"https:\/\/ristorantemondschein.it\/de\/wp-json\/wp\/v2\/media\/94"}],"wp:attachment":[{"href":"https:\/\/ristorantemondschein.it\/de\/wp-json\/wp\/v2\/media?parent=147"}],"curies":[{"name":"wp","href":"https:\/\/api.w.org\/{rel}","templated":true}]}}